{"id":55,"date":"2025-06-27T21:55:52","date_gmt":"2025-06-27T19:55:52","guid":{"rendered":"https:\/\/jermany.de\/?page_id=55"},"modified":"2025-11-28T18:31:14","modified_gmt":"2025-11-28T17:31:14","slug":"accueil","status":"publish","type":"page","link":"https:\/\/jermany.de\/","title":{"rendered":"Accueil"},"content":{"rendered":"<p>[et_pb_section fb_built=&#8221;1&#8243; admin_label=&#8221;Hero&#8221; _builder_version=&#8221;4.27.4&#8243; _module_preset=&#8221;default&#8221; background_enable_color=&#8221;off&#8221; background_image=&#8221;http:\/\/jermany.de\/wp-content\/uploads\/2025\/06\/pexels-jovydas-3113541-1.jpg&#8221; parallax=&#8221;on&#8221; background_enable_mask_style=&#8221;on&#8221; background_mask_style=&#8221;caret&#8221; custom_padding=&#8221;3vw||3vw||true|false&#8221; locked=&#8221;off&#8221; collapsed=&#8221;on&#8221; global_colors_info=&#8221;{}&#8221;][et_pb_row column_structure=&#8221;1_2,1_2&#8243; _builder_version=&#8221;4.27.4&#8243; _module_preset=&#8221;5138c454-be54-4233-bd3b-f8e6a8747976&#8243; locked=&#8221;off&#8221; global_colors_info=&#8221;{}&#8221;][et_pb_column type=&#8221;1_2&#8243; _builder_version=&#8221;4.23.1&#8243; _module_preset=&#8221;73121f80-a3ef-4484-8763-c3f18e3c56d2&#8243; global_colors_info=&#8221;{}&#8221;][et_pb_heading title=&#8221;C\u0153urs R\u00e9sistants&#8221; _builder_version=&#8221;4.27.4&#8243; _module_preset=&#8221;f0c675ea-2574-4d0e-b725-30f8550a8550&#8243; title_text_color=&#8221;gcid-primary-color&#8221; title_font_size=&#8221;19px&#8221; locked=&#8221;off&#8221; global_colors_info=&#8221;{%22gcid-primary-color%22:%91%22title_text_color%22%93}&#8221;][\/et_pb_heading][et_pb_heading title=&#8221;Ensemble contre la pr\u00e9carit\u00e9&#8221; _builder_version=&#8221;4.27.4&#8243; _module_preset=&#8221;ddeb8c09-9078-4424-bc15-2efb6572e28e&#8221; title_font=&#8221;&#8211;et_global_heading_font|800||on|||||&#8221; title_font_size=&#8221;51px&#8221; title_font_size_phone=&#8221;28px&#8221; locked=&#8221;off&#8221; global_colors_info=&#8221;{}&#8221;][\/et_pb_heading][et_pb_text _builder_version=&#8221;4.27.4&#8243; _module_preset=&#8221;2c55a9c4-feed-423b-9edb-ae0b5b365cac&#8221; text_font_size=&#8221;18px&#8221; header_line_height=&#8221;1.1em&#8221; background_color=&#8221;#FFFFFF&#8221; custom_padding=&#8221;5px|5px|5px||false|false&#8221; locked=&#8221;off&#8221; global_colors_info=&#8221;{}&#8221;]<\/p>\n<p>C\u0153urs R\u00e9sistants est une association qui lutte contre la pr\u00e9carit\u00e9 et promeut l&#8217;inclusion sociale \u00e0 Rennes. Elle propose notamment un soutien alimentaire aux personnes en situation de pr\u00e9carit\u00e9, en toute impartialit\u00e9 et sans discrimination.<\/p>\n<p>[\/et_pb_text][et_pb_button button_url=&#8221;@ET-DC@eyJkeW5hbWljIjp0cnVlLCJjb250ZW50IjoicG9zdF9saW5rX3VybF9wYWdlIiwic2V0dGluZ3MiOnsicG9zdF9pZCI6IjUwIn19@&#8221; button_text=&#8221;En savoir plus&#8221; _builder_version=&#8221;4.27.4&#8243; _dynamic_attributes=&#8221;button_url&#8221; _module_preset=&#8221;1bffc0fc-42a0-49d1-bd9a-ae3ade2d7206&#8243; locked=&#8221;off&#8221; global_colors_info=&#8221;{}&#8221;][\/et_pb_button][\/et_pb_column][et_pb_column type=&#8221;1_2&#8243; _builder_version=&#8221;4.23.1&#8243; _module_preset=&#8221;73121f80-a3ef-4484-8763-c3f18e3c56d2&#8243; global_colors_info=&#8221;{}&#8221;][\/et_pb_column][\/et_pb_row][\/et_pb_section][et_pb_section fb_built=&#8221;1&#8243; admin_label=&#8221;Services&#8221; _builder_version=&#8221;4.27.4&#8243; _module_preset=&#8221;default&#8221; background_enable_color=&#8221;off&#8221; custom_padding=&#8221;50px||1px|||&#8221; locked=&#8221;off&#8221; collapsed=&#8221;on&#8221; global_colors_info=&#8221;{}&#8221;][et_pb_row column_structure=&#8221;1_3,1_3,1_3&#8243; use_custom_gutter=&#8221;on&#8221; gutter_width=&#8221;2&#8243; make_equal=&#8221;on&#8221; _builder_version=&#8221;4.27.4&#8243; _module_preset=&#8221;5138c454-be54-4233-bd3b-f8e6a8747976&#8243; background_color=&#8221;#FFFFFF&#8221; hover_enabled=&#8221;0&#8243; locked=&#8221;off&#8221; global_colors_info=&#8221;{}&#8221; sticky_enabled=&#8221;0&#8243;][et_pb_column type=&#8221;1_3&#8243; _builder_version=&#8221;4.27.4&#8243; _module_preset=&#8221;50607da8-57bc-4d4b-aaef-f02e41c2cc4a&#8221; background_color=&#8221;#ED4F4D&#8221; custom_padding_phone=&#8221;20px|20px|20px|20px|true|true&#8221; custom_padding_last_edited=&#8221;off|desktop&#8221; motion_trigger_start=&#8221;bottom&#8221; hover_enabled=&#8221;0&#8243; global_colors_info=&#8221;{}&#8221; sticky_enabled=&#8221;0&#8243;][et_pb_blurb title=&#8221;J&#8217;ai besoin d&#8217;aide&#8221; use_icon=&#8221;on&#8221; font_icon=&#8221;&#xe03c;||divi||400&#8243; icon_color=&#8221;#FFFFFF&#8221; icon_alignment=&#8221;center&#8221; _builder_version=&#8221;4.27.4&#8243; _module_preset=&#8221;212b201d-2c34-41bd-936c-851b7357d08b&#8221; header_font=&#8221;&#8211;et_global_body_font|600||on|||||&#8221; header_text_color=&#8221;#FFFFFF&#8221; header_font_size=&#8221;24px&#8221; body_text_color=&#8221;#FFFFFF&#8221; body_link_font=&#8221;&#8211;et_global_body_font||||||||&#8221; text_orientation=&#8221;center&#8221; custom_margin=&#8221;||24px|||&#8221; hover_enabled=&#8221;0&#8243; header_font_size_phone=&#8221;18px&#8221; locked=&#8221;off&#8221; global_colors_info=&#8221;{%22gcid-primary-color%22:%91%22body_link_text_color%22,%22body_link_text_color%22,%22body_link_text_color%22%93,%22gcid-heading-color%22:%91%22header_text_color%22,%22header_text_color%22%93,%22gcid-body-color%22:%91%22body_text_color%22%93}&#8221; sticky_enabled=&#8221;0&#8243; animation=&#8221;top&#8221;]<\/p>\n<div id=\"comp-kv6vsylf\" class=\"Z_l5lU ku3DBC zQ9jDz qvSjx3 Vq6kJx comp-kv6vsylf wixui-rich-text\" data-testid=\"richTextElement\">\n<p class=\"font_8 wixui-rich-text__text\"><span class=\"wixui-rich-text__text\">Vous souhaitez b\u00e9n\u00e9ficierd\u2019un soutien <\/span><span class=\"wixui-rich-text__text\">alimentaire ?\u00a0<\/span><\/p>\n<\/div>\n<div id=\"comp-ktlkay85\" class=\"comp-ktlkay85\" data-semantic-classname=\"button\"><\/div>\n<div class=\"comp-ktlkay85\" data-semantic-classname=\"button\"><\/div>\n<p>[\/et_pb_blurb][et_pb_button button_url=&#8221;@ET-DC@eyJkeW5hbWljIjp0cnVlLCJjb250ZW50IjoicG9zdF9saW5rX3VybF9wYWdlIiwic2V0dGluZ3MiOnsicG9zdF9pZCI6IjU3In19@&#8221; button_text=&#8221;Nous sommes l\u00e0 pour \u00e7a&#8221; button_alignment=&#8221;center&#8221; _builder_version=&#8221;4.27.4&#8243; _dynamic_attributes=&#8221;button_url&#8221; _module_preset=&#8221;default&#8221; button_text_color=&#8221;#ED4F4D&#8221; button_bg_color=&#8221;#FFFFFF&#8221; button_icon=&#8221;&#xe030;||divi||400&#8243; custom_padding=&#8221;12px|28px|12px|28px|true|true&#8221; global_colors_info=&#8221;{}&#8221;][\/et_pb_button][\/et_pb_column][et_pb_column type=&#8221;1_3&#8243; _builder_version=&#8221;4.27.4&#8243; _module_preset=&#8221;50607da8-57bc-4d4b-aaef-f02e41c2cc4a&#8221; custom_padding_phone=&#8221;20px|20px|20px|20px|true|true&#8221; custom_padding_last_edited=&#8221;off|desktop&#8221; hover_enabled=&#8221;0&#8243; border_width_all=&#8221;2px&#8221; border_color_all=&#8221;rgba(0,0,0,0.08)&#8221; box_shadow_style=&#8221;none&#8221; global_colors_info=&#8221;{}&#8221; sticky_enabled=&#8221;0&#8243;][et_pb_blurb title=&#8221;Devenir b\u00e9n\u00e9vole&#8221; use_icon=&#8221;on&#8221; font_icon=&#8221;&#xf4c4;||fa||900&#8243; icon_color=&#8221;#ED4F4D&#8221; icon_alignment=&#8221;center&#8221; _builder_version=&#8221;4.27.4&#8243; _module_preset=&#8221;212b201d-2c34-41bd-936c-851b7357d08b&#8221; header_font=&#8221;&#8211;et_global_body_font|600||on|||||&#8221; body_link_font=&#8221;&#8211;et_global_body_font||||||||&#8221; text_orientation=&#8221;center&#8221; custom_margin=&#8221;||25px|||&#8221; header_font_size_last_edited=&#8221;off|desktop&#8221; locked=&#8221;off&#8221; global_colors_info=&#8221;{%22gcid-primary-color%22:%91%22body_link_text_color%22%93,%22gcid-heading-color%22:%91%22header_text_color%22,%22header_text_color%22,%22header_text_color%22,%22header_text_color%22,%22header_text_color%22,%22header_text_color%22%93,%22gcid-body-color%22:%91%22body_text_color%22,%22body_text_color%22,%22body_text_color%22,%22body_text_color%22,%22body_text_color%22,%22body_text_color%22%93}&#8221;]<\/p>\n<div id=\"comp-kv6vsylf\" class=\"Z_l5lU ku3DBC zQ9jDz qvSjx3 Vq6kJx comp-kv6vsylf wixui-rich-text\" data-testid=\"richTextElement\">\n<div id=\"comp-ktlk0lhz\" class=\"Z_l5lU ku3DBC zQ9jDz qvSjx3 Vq6kJx comp-ktlk0lhz wixui-rich-text\" data-testid=\"richTextElement\">\n<p class=\"font_8 wixui-rich-text__text\"><span class=\"wixui-rich-text__text\">Vous souhaitez distribuer des paniers alimentaires, cuisiner ou faire des maraudes ?<\/span><\/p>\n<\/div>\n<\/div>\n<div id=\"comp-ktlkay85\" class=\"comp-ktlkay85\" data-semantic-classname=\"button\"><\/div>\n<div class=\"comp-ktlkay85\" data-semantic-classname=\"button\"><\/div>\n<p>[\/et_pb_blurb][et_pb_button button_url=&#8221;@ET-DC@eyJkeW5hbWljIjp0cnVlLCJjb250ZW50IjoicG9zdF9saW5rX3VybF9wYWdlIiwic2V0dGluZ3MiOnsicG9zdF9pZCI6IjMyNyJ9fQ==@&#8221; button_text=&#8221;Rejoignez nos \u00e9quipes&#8221; button_alignment=&#8221;center&#8221; _builder_version=&#8221;4.27.4&#8243; _dynamic_attributes=&#8221;button_url&#8221; _module_preset=&#8221;default&#8221; button_icon=&#8221;&#xe030;||divi||400&#8243; custom_padding=&#8221;12px|28px|12px|28px|true|true&#8221; global_colors_info=&#8221;{}&#8221;][\/et_pb_button][\/et_pb_column][et_pb_column type=&#8221;1_3&#8243; _builder_version=&#8221;4.27.4&#8243; _module_preset=&#8221;50607da8-57bc-4d4b-aaef-f02e41c2cc4a&#8221; custom_padding_phone=&#8221;20px|20px|20px|20px|true|true&#8221; custom_padding_last_edited=&#8221;off|desktop&#8221; hover_enabled=&#8221;0&#8243; border_width_all=&#8221;2px&#8221; border_color_all=&#8221;rgba(0,0,0,0.08)&#8221; box_shadow_style=&#8221;none&#8221; global_colors_info=&#8221;{}&#8221; sticky_enabled=&#8221;0&#8243;][et_pb_blurb title=&#8221;Nous soutenir&#8221; use_icon=&#8221;on&#8221; font_icon=&#8221;&#xf4c2;||fa||900&#8243; icon_color=&#8221;#ED4F4D&#8221; icon_alignment=&#8221;center&#8221; _builder_version=&#8221;4.27.4&#8243; _module_preset=&#8221;212b201d-2c34-41bd-936c-851b7357d08b&#8221; header_font=&#8221;&#8211;et_global_body_font|600||on|||||&#8221; body_link_font=&#8221;&#8211;et_global_body_font||||||||&#8221; text_orientation=&#8221;center&#8221; custom_margin=&#8221;||24px|||&#8221; header_font_size_last_edited=&#8221;off|desktop&#8221; locked=&#8221;off&#8221; global_colors_info=&#8221;{%22gcid-primary-color%22:%91%22body_link_text_color%22%93,%22gcid-heading-color%22:%91%22header_text_color%22,%22header_text_color%22,%22header_text_color%22,%22header_text_color%22,%22header_text_color%22,%22header_text_color%22%93,%22gcid-body-color%22:%91%22body_text_color%22,%22body_text_color%22,%22body_text_color%22,%22body_text_color%22,%22body_text_color%22,%22body_text_color%22%93}&#8221;]<\/p>\n<div id=\"comp-kv6vsylf\" class=\"Z_l5lU ku3DBC zQ9jDz qvSjx3 Vq6kJx comp-kv6vsylf wixui-rich-text\" data-testid=\"richTextElement\">\n<div id=\"comp-ktlk0li31\" class=\"Z_l5lU ku3DBC zQ9jDz qvSjx3 Vq6kJx comp-ktlk0li31 wixui-rich-text\" data-testid=\"richTextElement\">\n<p class=\"font_8 wixui-rich-text__text\"><span class=\"wixui-rich-text__text\">Vous \u00eates un particulier ou une entreprise et souhaitez appuyer nos actions ?<\/span><\/p>\n<\/div>\n<div id=\"comp-ktlk94vj\" class=\"comp-ktlk94vj\" data-semantic-classname=\"button\"><\/div>\n<\/div>\n<div id=\"comp-ktlkay85\" class=\"comp-ktlkay85\" data-semantic-classname=\"button\"><\/div>\n<div class=\"comp-ktlkay85\" data-semantic-classname=\"button\"><\/div>\n<p>[\/et_pb_blurb][et_pb_button button_url=&#8221;@ET-DC@eyJkeW5hbWljIjp0cnVlLCJjb250ZW50IjoicG9zdF9saW5rX3VybF9wYWdlIiwic2V0dGluZ3MiOnsicG9zdF9pZCI6IjU5In19@&#8221; button_text=&#8221;Nous avons besoin de vous&#8221; button_alignment=&#8221;center&#8221; _builder_version=&#8221;4.27.4&#8243; _dynamic_attributes=&#8221;button_url&#8221; _module_preset=&#8221;default&#8221; button_icon=&#8221;&#xe030;||divi||400&#8243; custom_padding=&#8221;12px|28px|12px|28px|true|true&#8221; global_colors_info=&#8221;{}&#8221;][\/et_pb_button][\/et_pb_column][\/et_pb_row][\/et_pb_section][et_pb_section fb_built=&#8221;1&#8243; _builder_version=&#8221;4.27.4&#8243; _module_preset=&#8221;default&#8221; custom_margin=&#8221;32px|||||&#8221; custom_padding=&#8221;25px||31px|||&#8221; global_colors_info=&#8221;{}&#8221;][et_pb_row column_structure=&#8221;3_5,2_5&#8243; _builder_version=&#8221;4.27.4&#8243; _module_preset=&#8221;default&#8221; custom_padding=&#8221;31px|||||&#8221; global_colors_info=&#8221;{}&#8221;][et_pb_column type=&#8221;3_5&#8243; _builder_version=&#8221;4.27.4&#8243; _module_preset=&#8221;default&#8221; global_colors_info=&#8221;{}&#8221;][et_pb_heading title=&#8221;Notre Mission et Engagement&#8221; _builder_version=&#8221;4.27.4&#8243; _module_preset=&#8221;default&#8221; title_font=&#8221;&#8211;et_global_heading_font|700||on|||||&#8221; title_text_align=&#8221;left&#8221; title_font_size=&#8221;46px&#8221; title_font_size_phone=&#8221;26px&#8221; global_colors_info=&#8221;{}&#8221;][\/et_pb_heading][et_pb_text _builder_version=&#8221;4.27.4&#8243; _module_preset=&#8221;default&#8221; text_font_size=&#8221;18px&#8221; header_text_align=&#8221;left&#8221; header_line_height=&#8221;1.1em&#8221; background_color=&#8221;#FFFFFF&#8221; custom_padding=&#8221;5px|5px|5px||false|false&#8221; global_colors_info=&#8221;{}&#8221;]<\/p>\n<p>C\u0153urs R\u00e9sistants est une association non religieuse \u00e0 but non lucratif qui lutte contre la pr\u00e9carit\u00e9 et promeut l&#8217;inclusion sociale. Elle propose notamment un soutien alimentaire aux personnes en situation de pr\u00e9carit\u00e9, en toute impartialit\u00e9 et sans discrimination.<\/p>\n<p>Les missions de l\u2019association s\u2019articulent entre trois activit\u00e9s principales : un <strong>lieu de r\u00e9pit pour les personnes \u00e0 la rue<\/strong>, des <strong>maraudes<\/strong> et la <strong>distribution de paniers alimentaires gratuits<\/strong>.<\/p>\n<p>[\/et_pb_text][\/et_pb_column][et_pb_column type=&#8221;2_5&#8243; _builder_version=&#8221;4.27.4&#8243; _module_preset=&#8221;default&#8221; global_colors_info=&#8221;{}&#8221;][et_pb_toggle title=&#8221;Village Alimentaire&#8221; open_toggle_text_color=&#8221;#000000&#8243; open_toggle_background_color=&#8221;#FFFFFF&#8221; closed_toggle_background_color=&#8221;#FFFFFF&#8221; icon_color=&#8221;#ED4F4D&#8221; toggle_icon=&#8221;&#x22;||divi||400&#8243; icon_font_size=&#8221;18px&#8221; open_icon_color=&#8221;#ED4F4D&#8221; open_toggle_icon=&#8221;&#x24;||divi||400&#8243; _builder_version=&#8221;4.27.4&#8243; _module_preset=&#8221;default&#8221; title_text_color=&#8221;#000000&#8243; title_font_size=&#8221;21px&#8221; body_text_color=&#8221;#000000&#8243; body_link_font=&#8221;||||on|||#ED4F4D|&#8221; body_link_text_color=&#8221;#ED4F4D&#8221; background_color=&#8221;RGBA(255,255,255,0)&#8221; title_font_size_phone=&#8221;18px&#8221; global_colors_info=&#8221;{%22gcid-828accbb-1ed2-407d-95be-20ab4e191566%22:%91%22border_color_all%22,%22border_color_all%22,%22border_color_all%22,%22border_color_all%22,%22border_color_all%22,%22border_color_all%22,%22border_color_all%22,%22border_color_all%22,%22border_color_all%22,%22border_color_all%22,%22border_color_all%22%93,%22gcid-primary-color%22:%91%22icon_color%22,%22open_icon_color%22,%22icon_color%22%93,%22gcid-heading-color%22:%91%22title_text_color%22,%22open_toggle_text_color%22,%22title_text_color%22,%22open_toggle_text_color%22,%22title_text_color%22,%22open_toggle_text_color%22,%22open_toggle_text_color%22%93,%22gcid-7cadd8b3-5228-48e4-90c4-212d09232f7b%22:%91%22title_text_color%22,%22icon_color%22,%22title_text_color%22,%22icon_color%22,%22title_text_color%22%93}&#8221;]<\/p>\n<p>L&#8217;adresse : 1 rue du Scorff, 35700 RENNES<\/p>\n<p>\u200bHoraires : Du lundi au vendredi de 14h \u00e0 16h30<\/p>\n<p><a href=\"https:\/\/jermany.de\/index.php\/mission\/\">En savoir Plus<\/a><\/p>\n<p>[\/et_pb_toggle][et_pb_toggle title=&#8221;Lieu de r\u00e9pit&#8221; toggle_icon=&#8221;&#x22;||divi||400&#8243; open_toggle_icon=&#8221;&#x24;||divi||400&#8243; _builder_version=&#8221;4.27.4&#8243; _module_preset=&#8221;default&#8221; body_text_color=&#8221;#000000&#8243; body_link_font=&#8221;||||on|||#ED4F4D|&#8221; body_link_text_color=&#8221;#ED4F4D&#8221; global_colors_info=&#8221;{%22gcid-828accbb-1ed2-407d-95be-20ab4e191566%22:%91%22border_color_all%22,%22border_color_all%22%93,%22gcid-primary-color%22:%91%22icon_color%22,%22open_icon_color%22,%22icon_color%22,%22open_icon_color%22,%22icon_color%22,%22open_icon_color%22,%22open_icon_color%22,%22open_icon_color%22,%22open_icon_color%22,%22open_icon_color%22%93,%22gcid-heading-color%22:%91%22title_text_color%22,%22open_toggle_text_color%22,%22title_text_color%22,%22open_toggle_text_color%22,%22title_text_color%22,%22open_toggle_text_color%22,%22title_text_color%22,%22open_toggle_text_color%22,%22open_toggle_text_color%22,%22title_text_color%22,%22open_toggle_text_color%22,%22open_toggle_text_color%22%93,%22gcid-7cadd8b3-5228-48e4-90c4-212d09232f7b%22:%91%22title_text_color%22,%22icon_color%22,%22title_text_color%22,%22icon_color%22,%22title_text_color%22,%22icon_color%22,%22title_text_color%22,%22title_text_color%22%93}&#8221;]<\/p>\n<p>L&#8217;adresse : 4 rue du Faux-Pont, 35000 RENNES<\/p>\n<p>Horaires : Du lundi au jeudi de 14h \u00e0 16h30<\/p>\n<p><a href=\"https:\/\/jermany.de\/index.php\/mission\/\">En savoir Plus<\/a><\/p>\n<p>[\/et_pb_toggle][et_pb_toggle title=&#8221;Maraudes&#8221; open_toggle_text_color=&#8221;#000000&#8243; open_toggle_background_color=&#8221;#FFFFFF&#8221; closed_toggle_background_color=&#8221;#FFFFFF&#8221; icon_color=&#8221;#ED4F4D&#8221; toggle_icon=&#8221;&#x22;||divi||400&#8243; open_icon_color=&#8221;#ED4F4D&#8221; open_toggle_icon=&#8221;&#x24;||divi||400&#8243; _builder_version=&#8221;4.27.4&#8243; _module_preset=&#8221;default&#8221; title_text_color=&#8221;#000000&#8243; title_font_size=&#8221;21px&#8221; body_text_color=&#8221;#000000&#8243; body_link_font=&#8221;||||on|||#ED4F4D|&#8221; body_link_text_color=&#8221;#ED4F4D&#8221; background_color=&#8221;RGBA(255,255,255,0)&#8221; global_colors_info=&#8221;{%22gcid-828accbb-1ed2-407d-95be-20ab4e191566%22:%91%22border_color_all%22,%22border_color_all%22,%22border_color_all%22,%22border_color_all%22,%22border_color_all%22,%22border_color_all%22,%22border_color_all%22,%22border_color_all%22,%22border_color_all%22,%22border_color_all%22,%22border_color_all%22,%22border_color_all%22,%22border_color_all%22,%22border_color_all%22,%22border_color_all%22,%22border_color_all%22,%22border_color_all%22,%22border_color_all%22,%22border_color_all%22,%22border_color_all%22,%22border_color_all%22,%22border_color_all%22%93,%22gcid-primary-color%22:%91%22icon_color%22,%22open_icon_color%22,%22icon_color%22,%22icon_color%22,%22open_icon_color%22,%22open_icon_color%22,%22open_icon_color%22,%22open_icon_color%22,%22open_icon_color%22%93,%22gcid-heading-color%22:%91%22title_text_color%22,%22open_toggle_text_color%22,%22title_text_color%22,%22open_toggle_text_color%22,%22title_text_color%22,%22open_toggle_text_color%22,%22open_toggle_text_color%22,%22title_text_color%22,%22open_toggle_text_color%22,%22title_text_color%22,%22open_toggle_text_color%22,%22open_toggle_text_color%22,%22title_text_color%22,%22open_toggle_text_color%22,%22open_toggle_text_color%22%93,%22gcid-7cadd8b3-5228-48e4-90c4-212d09232f7b%22:%91%22title_text_color%22,%22icon_color%22,%22title_text_color%22,%22icon_color%22,%22title_text_color%22,%22title_text_color%22,%22icon_color%22,%22title_text_color%22,%22title_text_color%22%93,%22gcid-body-color%22:%91%22body_text_color%22,%22body_text_color%22,%22body_text_color%22,%22body_text_color%22,%22body_text_color%22,%22body_text_color%22,%22body_text_color%22%93,%22gcid-3e0ae39b-d026-4173-b444-0c785917aeff%22:%91%22body_text_color%22,%22body_text_color%22,%22body_text_color%22,%22body_text_color%22,%22body_text_color%22,%22body_text_color%22,%22body_text_color%22%93}&#8221;]<\/p>\n<p>Le parcours : D\u00e9part Place Sainte-Anne Croix de La Mission Place de Bretagne Esplanade Charles-de-Gaulle. Arriv\u00e9e Place de la Gare<\/p>\n<p>Horaires : Le vendredi et le dimanche 20h &#8211; 23h<\/p>\n<p><a href=\"https:\/\/jermany.de\/index.php\/mission\/\">En savoir Plus<\/a><\/p>\n<p>[\/et_pb_toggle][\/et_pb_column][\/et_pb_row][\/et_pb_section][et_pb_section fb_built=&#8221;1&#8243; admin_label=&#8221;About&#8221; _builder_version=&#8221;4.27.4&#8243; _module_preset=&#8221;default&#8221; background_image=&#8221;http:\/\/jermany.de\/wp-content\/uploads\/2025\/11\/qui-somme-nous.png&#8221; background_enable_mask_style=&#8221;on&#8221; background_mask_style=&#8221;caret&#8221; background_mask_transform=&#8221;flip_horizontal&#8221; custom_padding=&#8221;43px||50px|||&#8221; locked=&#8221;off&#8221; collapsed=&#8221;on&#8221; global_colors_info=&#8221;{}&#8221;][et_pb_row column_structure=&#8221;1_2,1_2&#8243; custom_padding_last_edited=&#8221;on|desktop&#8221; _builder_version=&#8221;4.27.4&#8243; _module_preset=&#8221;5138c454-be54-4233-bd3b-f8e6a8747976&#8243; background_enable_color=&#8221;off&#8221; width=&#8221;100%&#8221; custom_padding=&#8221;60px|60px|60px|60px|true|true&#8221; custom_padding_tablet=&#8221;30px|30px|30px|30px|true|true&#8221; custom_padding_phone=&#8221;20px|20px|20px|20px|true|true&#8221; border_radii=&#8221;on|6px|6px|6px|6px&#8221; border_color_all=&#8221;gcid-828accbb-1ed2-407d-95be-20ab4e191566&#8243; global_colors_info=&#8221;{%22gcid-36fd78a7-34bc-404d-873c-dafa34efaae5%22:%91%22icon_color%22,%22icon_color%22,%22icon_color%22,%22color%22%93,%22gcid-7cadd8b3-5228-48e4-90c4-212d09232f7b%22:%91%22header_text_color%22,%22color%22%93,%22gcid-9a15b43a-75da-4015-a522-d0ef1179ded7%22:%91%22body_text_color%22%93,%22gcid-828accbb-1ed2-407d-95be-20ab4e191566%22:%91%22border_color_all%22%93}&#8221;][et_pb_column type=&#8221;1_2&#8243; _builder_version=&#8221;4.18.0&#8243; _module_preset=&#8221;73121f80-a3ef-4484-8763-c3f18e3c56d2&#8243; global_colors_info=&#8221;{}&#8221;][\/et_pb_column][et_pb_column type=&#8221;1_2&#8243; _builder_version=&#8221;4.18.0&#8243; _module_preset=&#8221;73121f80-a3ef-4484-8763-c3f18e3c56d2&#8243; global_colors_info=&#8221;{}&#8221;][et_pb_image src=&#8221;http:\/\/jermany.de\/wp-content\/uploads\/2025\/11\/Screenshot_1.png&#8221; title_text=&#8221;Screenshot_1&#8243; align=&#8221;center&#8221; _builder_version=&#8221;4.27.4&#8243; _module_preset=&#8221;default&#8221; custom_margin=&#8221;||||false|false&#8221; custom_padding=&#8221;||||false|false&#8221; border_width_all=&#8221;2px&#8221; border_color_all=&#8221;rgba(0,0,0,0.12)&#8221; global_colors_info=&#8221;{}&#8221;][\/et_pb_image][\/et_pb_column][\/et_pb_row][\/et_pb_section]<\/p>\n","protected":false},"excerpt":{"rendered":"<p>C\u0153urs R\u00e9sistants est une association qui lutte contre la pr\u00e9carit\u00e9 et promeut l&#8217;inclusion sociale \u00e0 Rennes. Elle propose notamment un soutien alimentaire aux personnes en situation de pr\u00e9carit\u00e9, en toute impartialit\u00e9 et sans discrimination. Vous souhaitez b\u00e9n\u00e9ficierd\u2019un soutien alimentaire ?\u00a0 Vous souhaitez distribuer des paniers alimentaires, cuisiner ou faire des maraudes ? Vous \u00eates un [&hellip;]<\/p>\n","protected":false},"author":1,"featured_media":0,"parent":0,"menu_order":0,"comment_status":"closed","ping_status":"closed","template":"","meta":{"_et_pb_use_builder":"on","_et_pb_old_content":"","_et_gb_content_width":"","footnotes":""},"class_list":["post-55","page","type-page","status-publish","hentry"],"_links":{"self":[{"href":"https:\/\/jermany.de\/index.php\/wp-json\/wp\/v2\/pages\/55","targetHints":{"allow":["GET"]}}],"collection":[{"href":"https:\/\/jermany.de\/index.php\/wp-json\/wp\/v2\/pages"}],"about":[{"href":"https:\/\/jermany.de\/index.php\/wp-json\/wp\/v2\/types\/page"}],"author":[{"embeddable":true,"href":"https:\/\/jermany.de\/index.php\/wp-json\/wp\/v2\/users\/1"}],"replies":[{"embeddable":true,"href":"https:\/\/jermany.de\/index.php\/wp-json\/wp\/v2\/comments?post=55"}],"version-history":[{"count":114,"href":"https:\/\/jermany.de\/index.php\/wp-json\/wp\/v2\/pages\/55\/revisions"}],"predecessor-version":[{"id":641,"href":"https:\/\/jermany.de\/index.php\/wp-json\/wp\/v2\/pages\/55\/revisions\/641"}],"wp:attachment":[{"href":"https:\/\/jermany.de\/index.php\/wp-json\/wp\/v2\/media?parent=55"}],"curies":[{"name":"wp","href":"https:\/\/api.w.org\/{rel}","templated":true}]}}