{"id":59,"date":"2025-06-27T21:55:52","date_gmt":"2025-06-27T19:55:52","guid":{"rendered":"https:\/\/jermany.de\/?page_id=59"},"modified":"2025-11-25T16:03:09","modified_gmt":"2025-11-25T15:03:09","slug":"soutien","status":"publish","type":"page","link":"https:\/\/jermany.de\/index.php\/soutien\/","title":{"rendered":"Nous Soutenir"},"content":{"rendered":"<p>[et_pb_section fb_built=&#8221;1&#8243; custom_padding_last_edited=&#8221;on|phone&#8221; admin_label=&#8221;Donate&#8221; _builder_version=&#8221;4.27.4&#8243; _module_preset=&#8221;default&#8221; custom_padding=&#8221;49px||8px|||&#8221; custom_padding_tablet=&#8221;49px||8px|||&#8221; custom_padding_phone=&#8221;12px||8px||false|false&#8221; locked=&#8221;off&#8221; collapsed=&#8221;on&#8221; global_colors_info=&#8221;{}&#8221;][et_pb_row column_structure=&#8221;1_2,1_2&#8243; _builder_version=&#8221;4.27.4&#8243; _module_preset=&#8221;default&#8221; custom_padding=&#8221;||25px|||&#8221; global_colors_info=&#8221;{}&#8221;][et_pb_column type=&#8221;1_2&#8243; _builder_version=&#8221;4.25.1&#8243; _module_preset=&#8221;default&#8221; global_colors_info=&#8221;{}&#8221;][et_pb_heading title=&#8221;Faites un Don en Ligne&#8221; _builder_version=&#8221;4.27.4&#8243; _module_preset=&#8221;c33f07d9-41e0-421a-8799-5799df695cce&#8221; title_level=&#8221;h1&#8243; title_font=&#8221;&#8211;et_global_heading_font|Cormorant Garamond_weight|||||||&#8221; title_text_align=&#8221;left&#8221; title_font_size=&#8221;38px&#8221; title_font_size_phone=&#8221;33px&#8221; global_colors_info=&#8221;{}&#8221;][\/et_pb_heading][et_pb_text _builder_version=&#8221;4.27.4&#8243; _module_preset=&#8221;2c55a9c4-feed-423b-9edb-ae0b5b365cac&#8221; text_font=&#8221;Proza Libre|Proza Libre_weight|||||||&#8221; link_font=&#8221;|Proza Libre_weight|||||||&#8221; link_text_color=&#8221;#22577a&#8221; quote_font=&#8221;Cormorant Garamond|Cormorant Garamond_weight|||||||&#8221; header_font=&#8221;Cormorant Garamond|Cormorant Garamond_weight|||||||&#8221; header_2_font=&#8221;Cormorant Garamond|Cormorant Garamond_weight|||||||&#8221; header_3_font=&#8221;Cormorant Garamond|Cormorant Garamond_weight|||||||&#8221; header_4_font=&#8221;Cormorant Garamond|Cormorant Garamond_weight|||||||&#8221; header_5_font=&#8221;Cormorant Garamond|Cormorant Garamond_weight|||||||&#8221; header_6_font=&#8221;Cormorant Garamond|Cormorant Garamond_weight|||||||&#8221; global_colors_info=&#8221;{}&#8221;]<\/p>\n<p>Vous pouvez nous faire un don ponctuel ou r\u00e9gulier par virement bancaire, via la plateforme HelloAsso.<\/p>\n<p>[\/et_pb_text][et_pb_button button_text=&#8221;Je Donne en Ligne&#8221; button_alignment=&#8221;left&#8221; _builder_version=&#8221;4.27.4&#8243; _module_preset=&#8221;1bffc0fc-42a0-49d1-bd9a-ae3ade2d7206&#8243; button_bg_color=&#8221;#ED4F4D&#8221; button_font=&#8221;Proza Libre|700|||||||&#8221; global_colors_info=&#8221;{}&#8221;][\/et_pb_button][et_pb_accordion open_toggle_text_color=&#8221;#ED4F4D&#8221; icon_color=&#8221;rgba(10,4,4,0.37)&#8221; _builder_version=&#8221;4.27.4&#8243; _module_preset=&#8221;default&#8221; toggle_level=&#8221;h4&#8243; toggle_font=&#8221;&#8211;et_global_heading_font|700|||||||&#8221; global_colors_info=&#8221;{%22gcid-36fd78a7-34bc-404d-873c-dafa34efaae5%22:%91%22quote_icon_color%22,%22quote_icon_color%22,%22quote_icon_color%22,%22quote_icon_color%22,%22quote_icon_color%22,%22quote_icon_color%22,%22quote_icon_color%22,%22quote_icon_color%22%93,%22gcid-primary-color%22:%91%22icon_color%22,%22icon_color%22,%22icon_color%22,%22icon_color%22,%22icon_color%22,%22icon_color%22,%22icon_color%22,%22icon_color%22%93,%22gcid-heading-color%22:%91%22toggle_text_color%22,%22toggle_text_color%22,%22toggle_text_color%22,%22toggle_text_color%22,%22toggle_text_color%22,%22toggle_text_color%22,%22toggle_text_color%22,%22toggle_text_color%22%93,%22gcid-body-color%22:%91%22body_text_color%22,%22body_text_color%22,%22body_text_color%22,%22body_text_color%22,%22body_text_color%22,%22body_text_color%22,%22body_text_color%22,%22body_text_color%22%93}&#8221;][et_pb_accordion_item title=&#8221;Don direct&#8221; open=&#8221;on&#8221; _builder_version=&#8221;4.27.4&#8243; _module_preset=&#8221;default&#8221; global_colors_info=&#8221;{}&#8221; toggle_font=&#8221;&#8211;et_global_heading_font|700|||||||&#8221; toggle_font_size=&#8221;22px&#8221; closed_toggle_font=&#8221;&#8211;et_global_heading_font||||||||&#8221;]<\/p>\n<div id=\"comp-kto476r13\" class=\"Z_l5lU ku3DBC zQ9jDz qvSjx3 Vq6kJx comp-kto476r13 wixui-rich-text\" data-testid=\"richTextElement\">\n<p class=\"font_8 wixui-rich-text__text\">Vous pouvez nous adresser un ch\u00e8que par voie postale ou d\u00e9poser votre don en vous pr\u00e9sentant \u00e0 nos locaux sur nos heures d\u2019ouverture.<\/p>\n<p class=\"font_8 wixui-rich-text__text\">Boite postale : 15D rue de la Paillette 35 000 Rennes<\/p>\n<\/div>\n<div id=\"comp-kto476qw\" class=\"comp-kto476qw\" data-semantic-classname=\"button\"><\/div>\n<p>[\/et_pb_accordion_item][et_pb_accordion_item title=&#8221;Don de nourriture&#8221; _builder_version=&#8221;4.27.4&#8243; _module_preset=&#8221;default&#8221; global_colors_info=&#8221;{}&#8221; open=&#8221;off&#8221;]<\/p>\n<p class=\"font_8 wixui-rich-text__text\"><span class=\"wixui-rich-text__text\">Vous \u00eates une entreprise, un producteur, un restaurateur, et vous souhaitez effectuer un don de nourriture \u00e0 notre association ?<\/span><\/p>\n<p class=\"font_8 wixui-rich-text__text\"><span class=\"wixui-rich-text__text\">Contactez-nous \u00e0 :\u00a0<\/span><\/p>\n<p class=\"font_8 wixui-rich-text__text\"><span class=\"wixui-rich-text__text\"><a data-auto-recognition=\"true\" href=\"mailto:asso@coeurs-resistants.org\" class=\"wixui-rich-text__text\">asso@coeurs-resistants.org<\/a><\/span><\/p>\n<p>[\/et_pb_accordion_item][\/et_pb_accordion][\/et_pb_column][et_pb_column type=&#8221;1_2&#8243; _builder_version=&#8221;4.27.4&#8243; _module_preset=&#8221;default&#8221; custom_padding=&#8221;8%||8%||false|false&#8221; custom_padding_tablet=&#8221;0%||0%||true|false&#8221; custom_padding_phone=&#8221;0%||0%||true|false&#8221; custom_padding_last_edited=&#8221;on|desktop&#8221; global_colors_info=&#8221;{}&#8221;][et_pb_image src=&#8221;http:\/\/jermany.de\/wp-content\/uploads\/2025\/06\/480708548_2353310275035310_1643916537201746873_n.jpg&#8221; title_text=&#8221;480708548_2353310275035310_1643916537201746873_n&#8221; _builder_version=&#8221;4.27.4&#8243; _module_preset=&#8221;1cc6152f-565c-4c4d-b0c9-cf8c9576c341&#8243; hover_enabled=&#8221;0&#8243; global_colors_info=&#8221;{}&#8221; box_shadow_style=&#8221;preset4&#8243; box_shadow_vertical=&#8221;10px&#8221; box_shadow_blur=&#8221;0px&#8221; box_shadow_spread=&#8221;0px&#8221; box_shadow_color=&#8221;#ED4F4D&#8221; sticky_enabled=&#8221;0&#8243;][\/et_pb_image][\/et_pb_column][\/et_pb_row][\/et_pb_section][et_pb_section fb_built=&#8221;1&#8243; admin_label=&#8221;Text&#8221; _builder_version=&#8221;4.17.6&#8243; _module_preset=&#8221;default&#8221; custom_padding=&#8221;15px||112px|||&#8221; locked=&#8221;off&#8221; collapsed=&#8221;on&#8221; global_colors_info=&#8221;{}&#8221;][et_pb_row _builder_version=&#8221;4.27.4&#8243; _module_preset=&#8221;5138c454-be54-4233-bd3b-f8e6a8747976&#8243; custom_padding=&#8221;20px|20px|20px|20px|false|false&#8221; border_radii=&#8221;on|6px|6px|6px|6px&#8221; border_width_all=&#8221;2px&#8221; border_color_all=&#8221;rgba(0,0,0,0.13)&#8221; global_colors_info=&#8221;{}&#8221;][et_pb_column type=&#8221;4_4&#8243; _builder_version=&#8221;4.16&#8243; _module_preset=&#8221;73121f80-a3ef-4484-8763-c3f18e3c56d2&#8243; global_colors_info=&#8221;{}&#8221;][et_pb_text _builder_version=&#8221;4.27.4&#8243; _module_preset=&#8221;2c55a9c4-feed-423b-9edb-ae0b5b365cac&#8221; locked=&#8221;off&#8221; global_colors_info=&#8221;{%22#22577a%22:%91%22link_text_color%22%93,%22#0e0c19%22:%91%22header_text_color%22,%22header_4_text_color%22,%22header_3_text_color%22,%22header_2_text_color%22,%22header_5_text_color%22,%22header_6_text_color%22%93,%22#3c3a47%22:%91%22text_text_color%22%93,%22#57cc99%22:%91%22quote_border_color%22%93,%22gcid-36fd78a7-34bc-404d-873c-dafa34efaae5%22:%91%22icon_color%22,%22icon_color%22%93}&#8221; body_font_size_tablet=&#8221;15px&#8221; body_font_size_phone=&#8221;14px&#8221; body_font_size_last_edited=&#8221;on|desktop&#8221;]<\/p>\n<p>Notre association n\u2019a fonctionn\u00e9 que gr\u00e2ce au don priv\u00e9, principalement de particuliers, jusqu\u2019\u00e0 l\u2019\u00e9t\u00e9 2020.<\/p>\n<p>La crise sanitaire et sociale li\u00e9e \u00e0 la Covid-19 a eu un impact imm\u00e9diat sur les personnes en situation de pr\u00e9carit\u00e9 et nous avons d\u00fb r\u00e9pondre rapidement \u00e0 une tr\u00e8s forte augmentation du nombre de sollicitations. L\u2019accroissement de nos activit\u00e9s a engendr\u00e9 des co\u00fbts importants (achat de nourriture, essence et entretien du v\u00e9hicule, locations diverses, salaires, etc.), ce pourquoi nous faisons d\u00e9sormais appel \u00e0 des subventions publiques.<br \/>Le don des particuliers reste toutefois indispensable \u00e0 la survie de notre association et \u00e0 la poursuite de nos actions de solidarit\u00e9.<\/p>\n<p>Nous avons su et saurons conserver notre sp\u00e9cificit\u00e9 : un soutien alimentaire gratuit, imm\u00e9diat et inconditionnel aux personnes accueillies, \u00e0 qui nous ne demandons aucun justificatif d\u2019identit\u00e9 ou de ressources.<\/p>\n<p>Nous garantissons une totale transparence sur nos d\u00e9penses et vous assurons que toutes les sommes r\u00e9colt\u00e9es concourent au soutien des personnes en situation de pr\u00e9carit\u00e9, et tout particuli\u00e8rement les personnes \u00e0 la rue.<\/p>\n<p>Tous les dons effectu\u00e9s \u00e0 l\u2019association peuvent donner droit \u00e0 un re\u00e7u fiscal.<\/p>\n<p>[\/et_pb_text][\/et_pb_column][\/et_pb_row][\/et_pb_section]<\/p>\n","protected":false},"excerpt":{"rendered":"<p>Vous pouvez nous faire un don ponctuel ou r\u00e9gulier par virement bancaire, via la plateforme HelloAsso. Vous pouvez nous adresser un ch\u00e8que par voie postale ou d\u00e9poser votre don en vous pr\u00e9sentant \u00e0 nos locaux sur nos heures d\u2019ouverture. Boite postale : 15D rue de la Paillette 35 000 Rennes Vous \u00eates une entreprise, un [&hellip;]<\/p>\n","protected":false},"author":1,"featured_media":0,"parent":0,"menu_order":0,"comment_status":"closed","ping_status":"closed","template":"","meta":{"_et_pb_use_builder":"on","_et_pb_old_content":"","_et_gb_content_width":"","footnotes":""},"class_list":["post-59","page","type-page","status-publish","hentry"],"_links":{"self":[{"href":"https:\/\/jermany.de\/index.php\/wp-json\/wp\/v2\/pages\/59","targetHints":{"allow":["GET"]}}],"collection":[{"href":"https:\/\/jermany.de\/index.php\/wp-json\/wp\/v2\/pages"}],"about":[{"href":"https:\/\/jermany.de\/index.php\/wp-json\/wp\/v2\/types\/page"}],"author":[{"embeddable":true,"href":"https:\/\/jermany.de\/index.php\/wp-json\/wp\/v2\/users\/1"}],"replies":[{"embeddable":true,"href":"https:\/\/jermany.de\/index.php\/wp-json\/wp\/v2\/comments?post=59"}],"version-history":[{"count":9,"href":"https:\/\/jermany.de\/index.php\/wp-json\/wp\/v2\/pages\/59\/revisions"}],"predecessor-version":[{"id":574,"href":"https:\/\/jermany.de\/index.php\/wp-json\/wp\/v2\/pages\/59\/revisions\/574"}],"wp:attachment":[{"href":"https:\/\/jermany.de\/index.php\/wp-json\/wp\/v2\/media?parent=59"}],"curies":[{"name":"wp","href":"https:\/\/api.w.org\/{rel}","templated":true}]}}